{"id":77,"date":"2019-05-03T11:13:55","date_gmt":"2019-05-03T09:13:55","guid":{"rendered":"http:\/\/devenir-et-etre.com\/?page_id=77"},"modified":"2021-01-19T10:59:36","modified_gmt":"2021-01-19T09:59:36","slug":"accueil","status":"publish","type":"page","link":"https:\/\/devenir-et-etre.com\/","title":{"rendered":""},"content":{"rendered":"\n<div class=\"wp-block-nextend-smartslider3\"><\/div>\n\n\n\n<div style=\"height:53px\" aria-hidden=\"true\" class=\"wp-block-spacer\"><\/div>\n\n\n\n<h1>APER\u00c7U DE LA LOGOTH\u00c9RAPIE<\/h1>\n\n\n\n<p>La logoth\u00e9rapie est un accompagnement des personnes en souffrance existentielle, <strong>orient\u00e9 vers le sens et les valeurs<\/strong>. On ne va pas se centrer sur les causes de ce qui va mal en l&rsquo;homme, mais chercher ses ressources, ses potentialit\u00e9s, ce qui peut se d\u00e9velopper en lui et dans sa situation concr\u00e8te pour qu&rsquo;il puisse <strong>dire \u00ab\u00a0oui \u00e0 la vie\u00a0\u00bb<\/strong> malgr\u00e9 tous les aspects tragiques de l&rsquo;existence.<\/p>\n\n\n\n<p>Pour son fondateur, Viktor Frankl, psychiatre viennois qui a confirm\u00e9 cette vision de l&rsquo;homme par son v\u00e9cu dans les camps de concentration nazis, l&rsquo;\u00eatre humain n&rsquo;est pas seulement constitu\u00e9 d&rsquo;un psychisme et d&rsquo;un corps physique qui fonctionnent en parall\u00e8le, mais aussi d&rsquo;une composante no\u00e9tique qui lui permet de <strong>transcender ses conditionnements<\/strong> et, de sa souffrance, faire quelque chose qui honore la vie.<\/p>\n\n\n\n<p>\u00ab\u00a0La logoth\u00e9rapie a pour t\u00e2che d&rsquo;aider les \u00eatres humains \u00e0 <strong>vivre une vie pleine de sens<\/strong>. Elle indique les voies par lesquelles le sens de la vie peut \u00eatre trouv\u00e9\u00a0\u00bb, nous dit Viktor Frankl dans <a href=\"https:\/\/www.dunod.com\/sciences-humaines-et-sociales\/nos-raisons-vivre-ecole-du-sens-vie-0\" target=\"_blank\" rel=\"noreferrer noopener\" aria-label=\"Nos raisons de vivre (Interedition 2009) (s\u2019ouvre dans un nouvel onglet)\"><em>Nos raisons de vivre<\/em> (Interedition 2009)<\/a>.<\/p>\n\n\n\n<p><strong>La logoth\u00e9rapie est une philosophie, une th\u00e9rapeutique, une th\u00e9orie de la motivation, un art de vivre.<\/strong><\/p>\n\n\n\n<div style=\"height:20px\" aria-hidden=\"true\" class=\"wp-block-spacer\"><\/div>\n\n\n\n<div class=\"wp-block-button aligncenter is-style-fill\"><a class=\"wp-block-button__link has-background\" href=\"http:\/\/devenir-et-etre.com\/index.php\/category\/blog\/\" style=\"background-color:#74b210\"><strong>Voir le blog<\/strong><\/a><\/div>\n\n\n\n<div style=\"height:44px\" aria-hidden=\"true\" class=\"wp-block-spacer\"><\/div>\n\n\n\n<figure class=\"wp-block-embed-youtube aligncenter wp-block-embed is-type-video is-provider-youtube wp-embed-aspect-16-9 wp-has-aspect-ratio\"><div class=\"wp-block-embed__wrapper\">\n<iframe title=\"Valentin Husser : son parcours vers la psychologie et la logoth\u00e9rapie\" width=\"1170\" height=\"658\" src=\"https:\/\/www.youtube.com\/embed\/t57yACLKskY?start=2&#038;feature=oembed\" frameborder=\"0\" allow=\"accelerometer; autoplay; clipboard-write; encrypted-media; gyroscope; picture-in-picture\" allowfullscreen><\/iframe>\n<\/div><\/figure>\n\n\n\n<div style=\"height:41px\" aria-hidden=\"true\" class=\"wp-block-spacer\"><\/div>\n\n\n<blockquote class=\"wp-block-quote\">\n<p style=\"text-align: left;\"><strong>T\u00e9moignage<\/strong><\/p>\n<p><cite><em>Groupe de parole d&rsquo;hommes<br \/><\/em>L&rsquo;id\u00e9e d&rsquo;un groupe de parole est tr\u00e8s int\u00e9ressante et certainement utile \u00e0 des personnes qui ont du mal \u00e0 exprimer leur ressenti, leurs douleurs, ou sont un peu perdues face \u00e0 un probl\u00e8me. Je reconnais bien ta \u00ab\u00a0patte\u00a0\u00bb dans cet atelier. Je dois te dire que le fait de te rencontrer en 2012 a \u00e9t\u00e9 un grand moment pour moi. Tu m&rsquo;as ouvert les yeux dans le sens o\u00f9 j&rsquo;avais envie de transmettre mon savoir, sans savoir comment m&rsquo;y prendre. Tu es une personne exceptionnelle qui a illumin\u00e9 ma vie dans des moments difficiles.<\/cite><\/p>\n<p><em>\u00c9toile du Sens<br \/><\/em>Comme tu le dis si bien, la vie nous pr\u00e9pare \u00e0 d&rsquo;autres \u00e9v\u00e9nements. Nous progressons toujours si nous le d\u00e9sirons.<\/p>\n<p><em>Cons\u00e9quences du Covid<br \/><\/em>Je pense que beaucoup de personnes ont \u00e9t\u00e9 oblig\u00e9es par la force des choses de se remettre en question, au moins, de faire un constat sur sa vir. Ces confinements ont certainement provoqu\u00e9 des tensions chez certains, voire une d\u00e9moralisation. Mais globalement, je crois que ces \u00e9v\u00e9nements ont permis de nous ouvrir les yeux et de prendre conscience que la vie n&rsquo;est pas simplement une recherche d&rsquo;enrichissement mat\u00e9riel, de consommation. Cela aura permis de r\u00e9fl\u00e9chir \u00e0 de nombreux sujets sur le sens de la vie.<br \/>Je regrette seulement la d\u00e9gradation de notre civilisation depuis 50 ans au profit de la finance et de la politique, l&rsquo;essai de destruction de vos acquis sociaux, de nos outils de production. Ces r\u00e9flexions permettront peut-\u00eatre d&rsquo;ouvrir le yeux des gens qui assimilent comme des moutons la publicit\u00e9 des m\u00e9dias, votent pour le plus beau qui parle le plus fort et le dernier, sans aucune consid\u00e9ration empathique de l&rsquo;humain.<br \/>Je vais acheter ton livre et m\u00e9diter dans la continuit\u00e9 des enseignements que tu prodigues et qui sont les r\u00e9elles valeurs humaines \u00e0 d\u00e9velopper.<\/p>\n<p><em>Globalement<\/em><br \/>Tu es exceptionnel et je suis vraiment heureux d&rsquo;avoir fait ta connaissance.<br \/>Je suis plut\u00f4t direct et je sais que j&rsquo;utilise parfois des paroles difficiles \u00e0 accepter. Je dois apprendre \u00e0 \u00eatre plus souple et bienveillant dans mes propos. En cela, tu es le parfait instituteur de l&#8217;empathie et de la bienveillance, et je te remercie sinc\u00e8rement pour ton attitude qui a toujours \u00e9t\u00e9 stable \u00e0 mon \u00e9gard.<\/p>\n<\/blockquote>\n\n\n<blockquote class=\"wp-block-quote\"><p><strong>T\u00e9moignage &#8211; <em>Cat<\/em><\/strong><\/p><p>Je vous retrouverai avec plaisir sur Youtube. C&rsquo;est une bonne initiative ! Une petite piq\u00fbre de rappel fait du bien et j&rsquo;ai toujours en t\u00eate vos paroles lors de ce stage m\u00e9morable, et pourtant cela fait d\u00e9j\u00e0 11 ann\u00e9es !<\/p><p>Mais quand je gal\u00e8re, vous \u00eates toujours \u00e0 mes c\u00f4t\u00e9s. Je ferme les yeux, je vous vois, et je me dis \u00ab\u00a0que te dirais Valentin\u00a0\u00bb ? Et m\u00eame apr\u00e8s toutes ces ann\u00e9es, j&rsquo;entends votre voix. Ce sera donc avec plaisir que je vous retrouverai !<\/p><\/blockquote>\n","protected":false},"excerpt":{"rendered":"<p>APER\u00c7U DE LA LOGOTH\u00c9RAPIE La logoth\u00e9rapie est un accompagnement des personnes en souffrance existentielle, orient\u00e9 vers le sens et les valeurs. On ne va pas se centrer sur les causes de ce qui va mal en l&rsquo;homme, mais chercher ses ressources, ses potentialit\u00e9s, ce qui peut se d\u00e9velopper en lui et dans sa situation concr\u00e8te [&hellip;]<\/p>\n","protected":false},"author":1,"featured_media":0,"parent":0,"menu_order":0,"comment_status":"closed","ping_status":"closed","template":"templates\/page-full-width.php","meta":[],"yoast_head":"<!-- This site is optimized with the Yoast SEO plugin v15.2.1 - https:\/\/yoast.com\/wordpress\/plugins\/seo\/ -->\n<title>- Devenir et \u00catre<\/title>\n<meta name=\"robots\" content=\"index, follow, max-snippet:-1, max-image-preview:large, max-video-preview:-1\" \/>\n<link rel=\"canonical\" href=\"https:\/\/devenir-et-etre.com\/\" \/>\n<meta property=\"og:locale\" content=\"fr_FR\" \/>\n<meta property=\"og:type\" content=\"article\" \/>\n<meta property=\"og:title\" content=\"- Devenir et \u00catre\" \/>\n<meta property=\"og:description\" content=\"APER\u00c7U DE LA LOGOTH\u00c9RAPIE La logoth\u00e9rapie est un accompagnement des personnes en souffrance existentielle, orient\u00e9 vers le sens et les valeurs. On ne va pas se centrer sur les causes de ce qui va mal en l&rsquo;homme, mais chercher ses ressources, ses potentialit\u00e9s, ce qui peut se d\u00e9velopper en lui et dans sa situation concr\u00e8te [&hellip;]\" \/>\n<meta property=\"og:url\" content=\"https:\/\/devenir-et-etre.com\/\" \/>\n<meta property=\"og:site_name\" content=\"Devenir et \u00catre\" \/>\n<meta property=\"article:modified_time\" content=\"2021-01-19T09:59:36+00:00\" \/>\n<meta name=\"twitter:card\" content=\"summary_large_image\" \/>\n<meta name=\"twitter:label1\" content=\"\u00c9crit par\">\n\t<meta name=\"twitter:data1\" content=\"admin3313\">\n\t<meta name=\"twitter:label2\" content=\"Dur\u00e9e de lecture est.\">\n\t<meta name=\"twitter:data2\" content=\"3 minutes\">\n<script type=\"application\/ld+json\" class=\"yoast-schema-graph\">{\"@context\":\"https:\/\/schema.org\",\"@graph\":[{\"@type\":\"WebSite\",\"@id\":\"https:\/\/devenir-et-etre.com\/#website\",\"url\":\"https:\/\/devenir-et-etre.com\/\",\"name\":\"Devenir et \\u00catre\",\"description\":\"Valentin HUSSER - Logoth\\u00e9rapeute\",\"potentialAction\":[{\"@type\":\"SearchAction\",\"target\":\"https:\/\/devenir-et-etre.com\/?s={search_term_string}\",\"query-input\":\"required name=search_term_string\"}],\"inLanguage\":\"fr-FR\"},{\"@type\":\"WebPage\",\"@id\":\"https:\/\/devenir-et-etre.com\/#webpage\",\"url\":\"https:\/\/devenir-et-etre.com\/\",\"name\":\"- Devenir et \\u00catre\",\"isPartOf\":{\"@id\":\"https:\/\/devenir-et-etre.com\/#website\"},\"datePublished\":\"2019-05-03T09:13:55+00:00\",\"dateModified\":\"2021-01-19T09:59:36+00:00\",\"inLanguage\":\"fr-FR\",\"potentialAction\":[{\"@type\":\"ReadAction\",\"target\":[\"https:\/\/devenir-et-etre.com\/\"]}]}]}<\/script>\n<!-- \/ Yoast SEO plugin. -->","_links":{"self":[{"href":"https:\/\/devenir-et-etre.com\/index.php\/wp-json\/wp\/v2\/pages\/77"}],"collection":[{"href":"https:\/\/devenir-et-etre.com\/index.php\/wp-json\/wp\/v2\/pages"}],"about":[{"href":"https:\/\/devenir-et-etre.com\/index.php\/wp-json\/wp\/v2\/types\/page"}],"author":[{"embeddable":true,"href":"https:\/\/devenir-et-etre.com\/index.php\/wp-json\/wp\/v2\/users\/1"}],"replies":[{"embeddable":true,"href":"https:\/\/devenir-et-etre.com\/index.php\/wp-json\/wp\/v2\/comments?post=77"}],"version-history":[{"count":36,"href":"https:\/\/devenir-et-etre.com\/index.php\/wp-json\/wp\/v2\/pages\/77\/revisions"}],"predecessor-version":[{"id":366,"href":"https:\/\/devenir-et-etre.com\/index.php\/wp-json\/wp\/v2\/pages\/77\/revisions\/366"}],"wp:attachment":[{"href":"https:\/\/devenir-et-etre.com\/index.php\/wp-json\/wp\/v2\/media?parent=77"}],"curies":[{"name":"wp","href":"https:\/\/api.w.org\/{rel}","templated":true}]}}